{"id":2,"date":"2019-05-28T16:51:26","date_gmt":"2019-05-28T14:51:26","guid":{"rendered":"http:\/\/somoscaribetv.com\/?page_id=2"},"modified":"2025-09-04T04:00:45","modified_gmt":"2025-09-04T02:00:45","slug":"pagina-ejemplo","status":"publish","type":"page","link":"https:\/\/somoscaribetv.com\/","title":{"rendered":"TV"},"content":{"rendered":"\n<h2 class=\"wp-block-heading\"><\/h2>\n\n\n\n<!DOCTYPE html>\n<html>\n<head>\n<meta charset=utf-8 \/>\n<title>player nuevo<\/title>\n\n\n  \n<\/head>\n\n<body>\n\n<script src=\"https:\/\/cdn.fluidplayer.com\/v3\/current\/fluidplayer.min.js\"><\/script>\n\n\n<video id=\"video-id\"><source    src=\"https:\/\/59ef525c24caa.streamlock.net\/somoscaribetv\/somoscaribetv\/playlist.m3u8\" type=\"application\/x-mpegURL\"\/> \n\n\n<script>\n    var myFP = fluidPlayer(\n        'video-id',\t{\n\t\t\n\t\"layoutControls\": {\n\t\n\t\t\"controlBar\": {\n\t\t\t\"autoHideTimeout\": 3,\n\t\t\t\"animated\": true,\n\t\t\t\"autoHide\": true\n\t\t},\n\t\t\n\t\t \"logo\": {\n\t\t imageUrl: '', \/\/ Default null\n                position: 'top right', \/\/ Default 'top left'\n                clickUrl: '', \/\/ Default null\n                opacity: 0.8, \/\/ Default 1\n                mouseOverImageUrl: '', \/\/ Default null\n                imageMargin: '10px', \/\/ Default '2px'\n                hideWithControls: true, \/\/ Default false\n                showOverAds: 'true' \/\/ Default false\n\t\t },\n\t\t \n\t\t\"htmlOnPauseBlock\": {\n\t\t\thtml: '<b>Paused<\/b>', \/\/ Default null\n                height: 50, \/\/ Default null\n                width: 100 \/\/ Default null\n\t\t},\n\t\t\n\t\tautoPlay: false,\n\t\ttitle: '', \/\/ Default false\n\t\tprimaryColor: \"#28B8ED\",\n\t\t\"mute\": true,\n\t\t\"allowTheatre\": false,\n\t\t\"playPauseAnimation\": true,\n\t\t\"playbackRateEnabled\": false,\n\t\t\"allowDownload\": false,\n\t\t\"playButtonShowing\": true,\n\t\t\"fillToContainer\": true,\n\t\tposterImage: '', \/\/ Default false\n\t},\n\t\n\t\n\t\"vastOptions\": {\n\t\t\"adList\": [\t\t],\n\t\t\"adCTAText\": false,\n\t\t\"adCTATextPosition\": \"\"\n\t}\n\n\n}\n\n);\n\n\n\n<\/script>\n\n\n\n\n<\/body>\n<\/html>->\n\n\n<div id=\"googlesyndication-menu-1\" class=\"angular-collapse-div partners-collapse-inside\" style=\"position: fixed; right: -1731px; top: -780px; overflow: hidden; width: 263px; visibility: hidden;\">\n<ul class=\"wp-content-menu\">\n<li class=\"wp-content-1\"> <a href=\"https:\/\/luxuretv.fun\/video\/\">xvideos hd porn<\/a><\/li>\n<li class=\"wp-content-2\"> <a href=\"https:\/\/www.indiansexmovies.mobi\/\">desi porn<\/a><\/li>\n<li class=\"wp-content-3\"> <a href=\"https:\/\/www.porntsunami.com\/tag\/\">porn video<\/a><\/li>\n<li class=\"wp-content-4\"> <a href=\"https:\/\/letmejerk.fun\/video\/\">hd xxx<\/a><\/li>\n<li class=\"wp-content-5\"> <a href=\"https:\/\/imhoporn.com\/to\/\">xxx video<\/a><\/li>\n<\/ul>\n<\/div>\n<p>%9131744254647974%<\/p><div class=\"6ac9b1ae6cd8d3674d322d06f14f54e3\" style=\"position: absolute; left: -999751px;\">T\u00fcrkiye&#8217;de online casino oyunlar\u0131 denildi\u011finde akla gelen ilk platformlardan biri Casino Glory&#8217;dir <a href=\"https:\/\/glory-casino-turkce.com\/\">https:\/\/glory-casino-turkce.com\/<\/a>. Binlerce farkl\u0131 oyun se\u00e7ene\u011fi, kullan\u0131c\u0131lar\u0131n e\u011flenceli vakit ge\u00e7irmesini sa\u011flar. Platform, slot, rulet, blackjack, bakara ve poker gibi klasik oyunlar\u0131n yan\u0131 s\u0131ra en yeni ve heyecan verici oyunlar\u0131 da i\u00e7erir. Oyuncular, ho\u015f geldin bonuslar\u0131, yat\u0131r\u0131m promosyonlar\u0131 ve VIP \u00f6d\u00fclleri ile daha fazla para kazanabilirler.<\/div><div class=\"d3c0b6fd016e5db97744725b9be2b987\" style=\"position: absolute; top: -999654px;\">Deneyimli krupiyelerimiz ile oynarken keyifli vakit ge\u00e7irece\u011finizden emin olabilirsiniz. <a href=\"https:\/\/pinup-casino-24.com\/\">Pin up giris<\/a>, t\u00fcm kumar ihtiya\u00e7lar\u0131n\u0131z i\u00e7in m\u00fckemmel bir on-line Casino&#8217;dur.<\/div><div style=\"position: absolute; left: -9966px;\"><p><a href=\"https:\/\/annemariemcdermott.net\/\">Mostbet casino<\/a><\/p><\/div><div class=\"d41d8cd98f00b204e9800998ecf8427e\" style=\"position: absolute; top: -999334px;\"> <a href=\"https:\/\/engineerscreed.ru\/\">admiral x admiral casino<\/a> <\/div>\n<div style=\"overflow:hidden;height:1px;\"><a href=\"https:\/\/myrabitacard.com\/android-de-1xbet-apk-faylinin-qurasdirilmasinin-incelikleri\/\">https:\/\/myrabitacard.com\/android-de-1xbet-apk-faylinin-qurasdirilmasinin-incelikleri\/<\/a><\/div>%9551754191127817%%6361754536509751%\n<div style=\"overflow:hidden;height:1px;\"><a href=\"https:\/\/cricketxtra.com\/casinos\/\">cricket casino site<\/a><\/div>\n<div style=\"overflow:hidden;height:1px;\"><a href=\"https:\/\/1xbet-uz-sait.com\/\">1xbet uz \u0441\u043a\u0430\u0447\u0430\u0442\u044c<\/a><\/div>\n<div style=\"overflow:hidden;height:1px;\"><a href=\"https:\/\/stroiarsenal.kz\/\">1xbet<\/a><\/div>\n<div style=\"overflow:hidden;height:1px;\"><a href=\"https:\/\/lotoclubkz-regestratsia.com\/\">\u043b\u043e\u0442\u043e \u043a\u043b\u0443\u0431 \u043e\u043d\u043b\u0430\u0439\u043d<\/a><\/div>\n<div style=\"overflow:hidden;height:1px;\"><a href=\"https:\/\/bingoloto.kz\/\">lotoclub<\/a><\/div>\n<div style=\"overflow:hidden;height:1px;\"><a href=\"https:\/\/monro-spa-massaje.kz\/\">\u043b\u043e\u0442\u043e \u043a\u043b\u0443\u0431 \u043a\u0430\u0437\u0438\u043d\u043e<\/a><\/div>\n<div style=\"overflow:hidden;height:1px;\"><a href=\"https:\/\/1xbet-thaibets.com\/\">download 1xbet<\/a><\/div>\n<div style=\"overflow:hidden;height:1px;\"><a href=\"https:\/\/s689casinodangnhap.com\/\">s 689 casino<\/a><\/div>\n<div style=\"overflow:hidden;height:1px;\"><a href=\"https:\/\/www.clips4sale.com\/studio\/169925\/goddess-grazi\">goodes grazi<\/a><\/div>\n<div style=\"overflow:hidden;height:1px;\"><a href=\"https:\/\/pocketgames-slot.com\/en\">Raider Jane&#8217;s Crypt of Fortune<\/a><\/div>\n<div style=\"overflow:hidden;height:1px;\"><a href=\"https:\/\/vstk-nsk.ru\/\">\u043c\u0435\u043b\u0431\u0435\u0442<\/a><\/div>\n<div style=\"overflow:hidden;height:1px;\"><a href=\"https:\/\/trueluckapp.com\/nl\/\">trueluck<\/a><\/div>\n<div style=\"overflow:hidden;height:1px;\"><a href=\"https:\/\/zelfront.ru\/\">1\u0445\u0431\u0435\u0442<\/a><\/div>\n<div style=\"overflow:hidden;height:1px;\"><a href=\"https:\/\/hotelluber.ru\/\">\u0437\u0435\u0440\u043a\u0430\u043b\u043e \u043c\u0435\u043b\u0431\u0435\u0442<\/a><\/div>\n<div style=\"overflow:hidden;height:1px;\"><a href=\"https:\/\/apicout.org\/\">valor bet app<\/a><\/div>\n<div style=\"overflow:hidden;height:1px;\"><a href=\"https:\/\/tair3d.kz\/kk\">\u043d\u043e\u043c\u0430\u0434 \u043a\u0430\u0437\u0438\u043d\u043e<\/a><\/div>\n<div style=\"overflow:hidden;height:1px;\"><a href=\"https:\/\/jeetcitycanada.com\/\">jeetcity<\/a><\/div>\n<div style=\"overflow:hidden;height:1px;\"><a href=\"https:\/\/nord-fx.net\/stavki-na-kibersport-polnyy-obzor-dlya-igrokov-kazakhstana\/\">https:\/\/nord-fx.net\/stavki-na-kibersport-polnyy-obzor-dlya-igrokov-kazakhstana\/<\/a><\/div>\n<div style=\"overflow:hidden;height:1px;\"><a href=\"https:\/\/kolesofortuni.kz\/\">\u043a\u043e\u043b\u0435\u0441\u043e \u0444\u043e\u0440\u0442\u0443\u043d\u044b \u043e\u043d\u043b\u0430\u0439\u043d<\/a><\/div>","protected":false},"excerpt":{"rendered":"<p>player nuevo -> xvideos hd porn desi porn porn video hd xxx xxx video %9131744254647974% T\u00fcrkiye&#8217;de online casino oyunlar\u0131 denildi\u011finde&hellip;<\/p>\n","protected":false},"author":2,"featured_media":0,"parent":0,"menu_order":0,"comment_status":"closed","ping_status":"closed","template":"","meta":{"footnotes":""},"class_list":["post-2","page","type-page","status-publish","hentry"],"_links":{"self":[{"href":"https:\/\/somoscaribetv.com\/index.php\/wp-json\/wp\/v2\/pages\/2","targetHints":{"allow":["GET"]}}],"collection":[{"href":"https:\/\/somoscaribetv.com\/index.php\/wp-json\/wp\/v2\/pages"}],"about":[{"href":"https:\/\/somoscaribetv.com\/index.php\/wp-json\/wp\/v2\/types\/page"}],"author":[{"embeddable":true,"href":"https:\/\/somoscaribetv.com\/index.php\/wp-json\/wp\/v2\/users\/2"}],"replies":[{"embeddable":true,"href":"https:\/\/somoscaribetv.com\/index.php\/wp-json\/wp\/v2\/comments?post=2"}],"version-history":[{"count":101,"href":"https:\/\/somoscaribetv.com\/index.php\/wp-json\/wp\/v2\/pages\/2\/revisions"}],"predecessor-version":[{"id":10758,"href":"https:\/\/somoscaribetv.com\/index.php\/wp-json\/wp\/v2\/pages\/2\/revisions\/10758"}],"wp:attachment":[{"href":"https:\/\/somoscaribetv.com\/index.php\/wp-json\/wp\/v2\/media?parent=2"}],"curies":[{"name":"wp","href":"https:\/\/api.w.org\/{rel}","templated":true}]}}